{"id":13,"date":"2019-10-25T17:23:15","date_gmt":"2019-10-25T17:23:15","guid":{"rendered":"https:\/\/skks.ch\/Sternenklar\/?page_id=13"},"modified":"2022-02-16T09:49:27","modified_gmt":"2022-02-16T08:49:27","slug":"portrait-verein","status":"publish","type":"page","link":"https:\/\/skks.ch\/sternenklar\/portrait-verein\/","title":{"rendered":"Portrait"},"content":{"rendered":"\n<h2 class=\"wp-block-heading\" id=\"was-macht-sternenklar-kradolf-schonenberg-sternenklar-uberhaupt\">Was macht \u00absternenklar Kradolf-Sch\u00f6nenberg sternenklar\u00bb \u00fcberhaupt?<\/h2>\n\n\n\n<p>Wir haben Freude am Freude bereiten und daher gl\u00e4nzt Kradolf-Sch\u00f6nenberg im Advent ganz sternenklar&#8230;<\/p>\n\n\n\n<p>Seit dem 1. Dezember 1999 erfreuen in der Adventszeit in Kradolf-Sch\u00f6nenberg ganz spezielle Sterne die Bev\u00f6lkerung. Die Spannweite eines Sterns betr\u00e4gt 4 Meter. F\u00fcr jede Sonderanfertigung werden rund 40 Meter Beleuchtungsband ben\u00f6tigt, welches regelm\u00e4ssig ersetzt werden will.<\/p>\n\n\n\n<p>Herzlichen Dank f\u00fcr Ihre Unterst\u00fctzung. Jeder Beitrag hilft, damit die Sterne unterhalten und wieder auf Hochglanz poliert werden k\u00f6nnen.<\/p>\n\n\n\n<p>Im Laufe der Jahre sind am Sternenhimmel von Kradolf-Sch\u00f6nenberg an pr\u00e4gnanten Lagen laufend neue Sterne aufgetaucht. <a href=\"https:\/\/skks.ch\/sternenklar\/sternen-standorte\/\" data-type=\"URL\" data-id=\"https:\/\/skks.ch\/sternenklar\/sternen-standorte\/\">Mittlerweile leuchten neun &#8222;sternenklare Sterne&#8220; am Himmel.<\/a><\/p>\n\n\n\n<p>Hier mehr erfahren \u00fcber die<a href=\"https:\/\/skks.ch\/sternenklar\/idee-sternenklar-portrait\/\"> Idee Sternenklar<\/a><\/p>\n","protected":false},"excerpt":{"rendered":"<p>Was macht \u00absternenklar Kradolf-Sch\u00f6nenberg sternenklar\u00bb \u00fcberhaupt? Wir haben Freude am Freude bereiten und daher gl\u00e4nzt Kradolf-Sch\u00f6nenberg im Advent ganz sternenklar&#8230; Seit dem 1. Dezember 1999 erfreuen in der Adventszeit in Kradolf-Sch\u00f6nenberg ganz spezielle Sterne die Bev\u00f6lkerung. Die Spannweite eines Sterns betr\u00e4gt 4 Meter. F\u00fcr jede Sonderanfertigung werden rund 40 Meter Beleuchtungsband ben\u00f6tigt, welches regelm\u00e4ssig ersetzt [&hellip;]<\/p>\n","protected":false},"author":1,"featured_media":0,"parent":0,"menu_order":0,"comment_status":"closed","ping_status":"closed","template":"","meta":{"footnotes":""},"class_list":["post-13","page","type-page","status-publish","hentry","post","no-featured-image"],"_links":{"self":[{"href":"https:\/\/skks.ch\/sternenklar\/wp-json\/wp\/v2\/pages\/13","targetHints":{"allow":["GET"]}}],"collection":[{"href":"https:\/\/skks.ch\/sternenklar\/wp-json\/wp\/v2\/pages"}],"about":[{"href":"https:\/\/skks.ch\/sternenklar\/wp-json\/wp\/v2\/types\/page"}],"author":[{"embeddable":true,"href":"https:\/\/skks.ch\/sternenklar\/wp-json\/wp\/v2\/users\/1"}],"replies":[{"embeddable":true,"href":"https:\/\/skks.ch\/sternenklar\/wp-json\/wp\/v2\/comments?post=13"}],"version-history":[{"count":8,"href":"https:\/\/skks.ch\/sternenklar\/wp-json\/wp\/v2\/pages\/13\/revisions"}],"predecessor-version":[{"id":231,"href":"https:\/\/skks.ch\/sternenklar\/wp-json\/wp\/v2\/pages\/13\/revisions\/231"}],"wp:attachment":[{"href":"https:\/\/skks.ch\/sternenklar\/wp-json\/wp\/v2\/media?parent=13"}],"curies":[{"name":"wp","href":"https:\/\/api.w.org\/{rel}","templated":true}]}}