{"id":2,"date":"2019-10-25T16:54:05","date_gmt":"2019-10-25T16:54:05","guid":{"rendered":"https:\/\/skks.ch\/Sternenklar\/?page_id=2"},"modified":"2022-02-16T09:26:59","modified_gmt":"2022-02-16T08:26:59","slug":"sternenklar-verein-punkt-ch","status":"publish","type":"page","link":"https:\/\/skks.ch\/sternenklar\/","title":{"rendered":"herzlich Willkommen."},"content":{"rendered":"\n<figure class=\"wp-block-image\"><img loading=\"lazy\" decoding=\"async\" width=\"1024\" height=\"683\" src=\"https:\/\/skks.ch\/Sternenklar\/wp-content\/uploads\/Haengebruecke-1024x683.jpg\" alt=\"\" class=\"wp-image-41\" srcset=\"https:\/\/skks.ch\/sternenklar\/wp-content\/uploads\/Haengebruecke-1024x683.jpg 1024w, https:\/\/skks.ch\/sternenklar\/wp-content\/uploads\/Haengebruecke-300x200.jpg 300w, https:\/\/skks.ch\/sternenklar\/wp-content\/uploads\/Haengebruecke-768x512.jpg 768w, https:\/\/skks.ch\/sternenklar\/wp-content\/uploads\/Haengebruecke-1200x800.jpg 1200w\" sizes=\"auto, (max-width: 1024px) 100vw, 1024px\" \/><figcaption>Kradolf\/Schoenenberg TG (Archiv). Die Stahlseilhaengebruecke ueber die Thur \/ Thurbr\u00fccke zwischen Kradolf und Schoenenberg TG mit Blick von der Hauptstrasse Richtung Klein Rigi am Mittwochabend 21. November 2001 mit dem STERNENKLAR-Stern <\/figcaption><\/figure>\n\n\n\n<p>   <\/p>\n\n\n\n<p><\/p>\n\n\n\n<blockquote class=\"wp-block-quote is-layout-flow wp-block-quote-is-layout-flow\"><p><em>Wir haben Freude am Freude bereiten und daher gl\u00e4nzt Kradolf-Sch\u00f6nenberg im Advent ganz sternenklar\u2026<\/em><\/p><\/blockquote>\n\n\n\n<p> <\/p>\n\n\n\n<p>Im <a href=\"https:\/\/sternenklar.ch\/sternenklar\/idee-sternenklar-portrait\/\" data-type=\"URL\" data-id=\"https:\/\/sternenklar.ch\/sternenklar\/idee-sternenklar-portrait\/\">Laufe der Jahre<\/a> sind am Sternenhimmel von Kradolf-Sch\u00f6nenberg an pr\u00e4gnanten Lagen laufend neue Sterne aufgetaucht. Mittlerweile leuchten <a href=\"https:\/\/sternenklar.ch\/sternenklar\/sternen-standorte\/\" data-type=\"URL\" data-id=\"https:\/\/sternenklar.ch\/sternenklar\/sternen-standorte\/\">neun \u201esternenklare Sterne\u201c am Himmel<\/a>.<\/p>\n\n\n\n<blockquote class=\"wp-block-quote is-layout-flow wp-block-quote-is-layout-flow\"><p><strong>Herzlichen Dank f\u00fcr Ihre Unterst\u00fctzung. Jeder Beitrag hilft, damit die Sterne unterhalten und wieder auf Hochglanz poliert werden k\u00f6nnen.<\/strong><\/p><\/blockquote>\n\n\n\n<p> <\/p>\n","protected":false},"excerpt":{"rendered":"<p>Wir haben Freude am Freude bereiten und daher gl\u00e4nzt Kradolf-Sch\u00f6nenberg im Advent ganz sternenklar\u2026 Im Laufe der Jahre sind am Sternenhimmel von Kradolf-Sch\u00f6nenberg an pr\u00e4gnanten Lagen laufend neue Sterne aufgetaucht. Mittlerweile leuchten neun \u201esternenklare Sterne\u201c am Himmel. Herzlichen Dank f\u00fcr Ihre Unterst\u00fctzung. Jeder Beitrag hilft, damit die Sterne unterhalten und wieder auf Hochglanz poliert werden [&hellip;]<\/p>\n","protected":false},"author":1,"featured_media":0,"parent":0,"menu_order":0,"comment_status":"closed","ping_status":"closed","template":"","meta":{"footnotes":""},"class_list":["post-2","page","type-page","status-publish","hentry","post","no-featured-image"],"_links":{"self":[{"href":"https:\/\/skks.ch\/sternenklar\/wp-json\/wp\/v2\/pages\/2","targetHints":{"allow":["GET"]}}],"collection":[{"href":"https:\/\/skks.ch\/sternenklar\/wp-json\/wp\/v2\/pages"}],"about":[{"href":"https:\/\/skks.ch\/sternenklar\/wp-json\/wp\/v2\/types\/page"}],"author":[{"embeddable":true,"href":"https:\/\/skks.ch\/sternenklar\/wp-json\/wp\/v2\/users\/1"}],"replies":[{"embeddable":true,"href":"https:\/\/skks.ch\/sternenklar\/wp-json\/wp\/v2\/comments?post=2"}],"version-history":[{"count":29,"href":"https:\/\/skks.ch\/sternenklar\/wp-json\/wp\/v2\/pages\/2\/revisions"}],"predecessor-version":[{"id":211,"href":"https:\/\/skks.ch\/sternenklar\/wp-json\/wp\/v2\/pages\/2\/revisions\/211"}],"wp:attachment":[{"href":"https:\/\/skks.ch\/sternenklar\/wp-json\/wp\/v2\/media?parent=2"}],"curies":[{"name":"wp","href":"https:\/\/api.w.org\/{rel}","templated":true}]}}