{"id":25,"date":"2019-10-25T17:27:34","date_gmt":"2019-10-25T17:27:34","guid":{"rendered":"https:\/\/skks.ch\/Sternenklar\/?page_id=25"},"modified":"2022-02-16T09:32:49","modified_gmt":"2022-02-16T08:32:49","slug":"partner-und-sponsoren-von-sternenklar-ch","status":"publish","type":"page","link":"https:\/\/skks.ch\/sternenklar\/partner-und-sponsoren-von-sternenklar-ch\/","title":{"rendered":"Partner &#038; Sponsoren"},"content":{"rendered":"\n<h2 class=\"wp-block-heading\" id=\"mitglieder-partner-sponsoren-der-idee-sternenklar-kradolf-schonenberg-sternenklar\">Mitglieder, Partner &amp; Sponsoren der Idee \u00absternenklar Kradolf-Sch\u00f6nenberg sternenklar\u00bb<\/h2>\n\n\n\n<p><strong>Kartenverkauf<\/strong><br>Wir&nbsp;verkaufen die beliebten Karten mit folgendem Sujet:<\/p>\n\n\n\n<figure class=\"wp-block-image\"><a href=\"https:\/\/shop.skks.ch\/\"><img decoding=\"async\" src=\"http:\/\/sternenklar.ch\/home\/media_daten_sternenklar\/Haengebruecke.jpg\" alt=\"Sujet der sternenklar Karten\"\/><\/a><\/figure>\n\n\n\n<p>Der Erl\u00f6s wurde und wir zu 100{a992e01dbb940cf229530ef32a0d1068591c7601e8a8a2f09937cf20482b6433} f\u00fcr den Unterhalt der Sterne sowie den j\u00e4hrlichen Anlass&nbsp;\u00absternenklar Kradolf-Sch\u00f6nenberg sternenklar\u00bb&nbsp;verwendet.<strong>&nbsp;<\/strong><\/p>\n\n\n\n<p><strong>Finanzielle Zuwendungen und Spenden werden auch weiterhin dringend ben\u00f6tigt und gerne unter&nbsp;<strong>PC-KONTO:&nbsp;<a href=\"tel:90-132331-0\">90-132331-0<\/a><\/strong> oder <a href=\"#\">IBAN CH68 0900 0000 9013 2331 0<\/a><\/strong> <strong>entgegen genommen.<\/strong>&nbsp;<\/p>\n\n\n\n<p>Bitte \u00fcberweisen Sie nur via eBanking. Bei Post\u00fcberweisungen mit Einzahlungsschein ist ein Zuschlag von CHF 2.50 pro Zahlung f\u00e4llig, da dieser leider durch die Post erhoben wird.&nbsp;<\/p>\n\n\n\n<p><strong>Kartenverkauf &#8211; letzte Exemplare erh\u00e4ltlich<\/strong><br>Da <strong>fast alle\u00a0<a href=\"https:\/\/skks.ch\/sternenklar\/\" data-type=\"URL\" data-id=\"https:\/\/skks.ch\/sternenklar\/\" target=\"_blank\" rel=\"noreferrer noopener\">Sternenklar<\/a>-Karten verkauft wurden<\/strong>, findet der j\u00e4hrliche <strong>Kartenverkauf nur noch auf Bestellung oder am Anlass<\/strong> vom\u00a0<a href=\"https:\/\/sternenklar.ch\">\u00absternenklar Kradolf-Sch\u00f6nenberg sternenklar\u00bb<\/a>\u00a0und nicht mehr in diversen Verkaufsl\u00e4den in Kradolf und Sch\u00f6nenberg statt.<\/p>\n\n\n\n<p><strong>Mitglieder, Partner &amp; Sponsoren<\/strong><br><em>M\u00f6chten Sie nach erfolgter Spende hier erscheinen? <\/em><\/p>\n\n\n\n<p>Dann melden Sie sich per Mail an\u00a0info-\u00e4t-skks.ch\u00a0oder per\u00a0<a href=\"https:\/\/skks.ch\/sternenklar\/kontakt-mit-verein-sternenklar\/\" data-type=\"URL\" data-id=\"https:\/\/skks.ch\/sternenklar\/kontakt-mit-verein-sternenklar\/\" target=\"_blank\" rel=\"noreferrer noopener\">Postweg<\/a>.\u00a0<br>Herzlichen Dank f\u00fcr Ihre\u00a0Spende und die damit verbundene Unterst\u00fctzung.<\/p>\n","protected":false},"excerpt":{"rendered":"<p>Mitglieder, Partner &amp; Sponsoren der Idee \u00absternenklar Kradolf-Sch\u00f6nenberg sternenklar\u00bb KartenverkaufWir&nbsp;verkaufen die beliebten Karten mit folgendem Sujet: Der Erl\u00f6s wurde und wir zu 100{a992e01dbb940cf229530ef32a0d1068591c7601e8a8a2f09937cf20482b6433} f\u00fcr den Unterhalt der Sterne sowie den j\u00e4hrlichen Anlass&nbsp;\u00absternenklar Kradolf-Sch\u00f6nenberg sternenklar\u00bb&nbsp;verwendet.&nbsp; Finanzielle Zuwendungen und Spenden werden auch weiterhin dringend ben\u00f6tigt und gerne unter&nbsp;PC-KONTO:&nbsp;90-132331-0 oder IBAN CH68 0900 0000 9013 2331 0 entgegen [&hellip;]<\/p>\n","protected":false},"author":1,"featured_media":0,"parent":0,"menu_order":0,"comment_status":"closed","ping_status":"closed","template":"","meta":{"footnotes":""},"class_list":["post-25","page","type-page","status-publish","hentry","post","no-featured-image"],"_links":{"self":[{"href":"https:\/\/skks.ch\/sternenklar\/wp-json\/wp\/v2\/pages\/25","targetHints":{"allow":["GET"]}}],"collection":[{"href":"https:\/\/skks.ch\/sternenklar\/wp-json\/wp\/v2\/pages"}],"about":[{"href":"https:\/\/skks.ch\/sternenklar\/wp-json\/wp\/v2\/types\/page"}],"author":[{"embeddable":true,"href":"https:\/\/skks.ch\/sternenklar\/wp-json\/wp\/v2\/users\/1"}],"replies":[{"embeddable":true,"href":"https:\/\/skks.ch\/sternenklar\/wp-json\/wp\/v2\/comments?post=25"}],"version-history":[{"count":14,"href":"https:\/\/skks.ch\/sternenklar\/wp-json\/wp\/v2\/pages\/25\/revisions"}],"predecessor-version":[{"id":215,"href":"https:\/\/skks.ch\/sternenklar\/wp-json\/wp\/v2\/pages\/25\/revisions\/215"}],"wp:attachment":[{"href":"https:\/\/skks.ch\/sternenklar\/wp-json\/wp\/v2\/media?parent=25"}],"curies":[{"name":"wp","href":"https:\/\/api.w.org\/{rel}","templated":true}]}}