{"id":29,"date":"2019-10-25T17:29:18","date_gmt":"2019-10-25T17:29:18","guid":{"rendered":"https:\/\/skks.ch\/Sternenklar\/?page_id=29"},"modified":"2022-02-16T09:44:12","modified_gmt":"2022-02-16T08:44:12","slug":"kontakt-mit-verein-sternenklar","status":"publish","type":"page","link":"https:\/\/skks.ch\/sternenklar\/kontakt-mit-verein-sternenklar\/","title":{"rendered":"Kontakt"},"content":{"rendered":"\n<h2 class=\"wp-block-heading\" id=\"kontakt-mit-dem-ok-sternenklar-kradolf-schonenberg-sternenklar\">Kontakt mit dem OK \u00absternenklar Kradolf-Sch\u00f6nenberg sternenklar\u00bb<\/h2>\n\n\n\n<p><strong>Postanschrift:<\/strong><br><a href=\"https:\/\/sternenklar.ch\/\" target=\"_blank\" rel=\"noreferrer noopener\">Sternenklar.ch<\/a><br>Thurbruggstrasse 11a<\/p>\n\n\n\n<p>9215 Sch\u00f6nenberg an der Thur<br><br><strong>Mail:<\/strong>&nbsp;info-\u00e4t-skks.ch<\/p>\n\n\n\n<p><strong>PC-KONTO:&nbsp;<a href=\"tel:90-132331-0\">90-132331-0<\/a><\/strong><br><strong><a href=\"https:\/\/skks.ch\/Sternenklar\/wp-admin\/post.php?post=25&amp;action=edit#\">IBAN CH68 0900 0000 9013 2331 0<\/a><\/strong>  <br>Vielen Dank f\u00fcr Ihre&nbsp;Spende und die damit verbundene Unterst\u00fctzung.<\/p>\n\n\n\n<p><strong>Finanzielle Zuwendungen und Spenden werden auch weiterhin dringend ben\u00f6tigt und gerne unter \u00a0<strong>PC-KONTO:\u00a0<a href=\"tel:90-132331-0\">90-132331-0<\/a><\/strong> oder <a href=\"#\">IBAN CH68 0900 0000 9013 2331 0<\/a><\/strong>  <strong>entgegen genommen.<\/strong>\u00a0Bitte \u00fcberweisen Sie nur via eBanking. Bei Post\u00fcberweisungen mit Einzahlungsschein ist ein Zuschlag von CHF 2.50 pro Zahlung f\u00e4llig, da dieser leider durch die Post erhoben wird.<\/p>\n\n\n\n<p> <\/p>\n\n\n\n<p> <\/p>\n\n\n\n<p>Zum <a href=\"https:\/\/sternenklar.ch\/sternenklar\/kontakt-mit-verein-sternenklar\/impressum\/\" data-type=\"URL\" data-id=\"https:\/\/sternenklar.ch\/sternenklar\/kontakt-mit-verein-sternenklar\/impressum\/\">Impre<\/a><a rel=\"noreferrer noopener\" href=\"https:\/\/skks.ch\/sternenklar\/kontakt-mit-verein-sternenklar\/impressum\/\" data-type=\"page\" data-id=\"42\" target=\"_blank\">s<\/a><a href=\"https:\/\/skks.ch\/Sternenklar\/kontakt-mit-verein-sternenklar\/impressum\/\">sum<\/a><\/p>\n\n\n\n<p> <\/p>\n\n\n\n<p> <\/p>\n\n\n\n<p><\/p>\n\n\n\n<p><strong><a href=\"#\">SPONSORING der Website<\/a> &amp; bei technischen Fragen:<\/strong><br>qData GmbH, <a rel=\"noreferrer noopener\" href=\"https:\/\/qdata.info\/marketingagentur\/\" target=\"_blank\">Marketing Agentur<\/a>,&nbsp;<br><a rel=\"noreferrer noopener\" aria-label=\" (\u00f6ffnet in neuem Tab)\" href=\"https:\/\/qdata.info\/marketingagentur\/\" target=\"_blank\">Online Marketing Agentur<\/a>&nbsp;&amp;&nbsp;<a rel=\"noreferrer noopener\" href=\"https:\/\/www.qdata.info\/internetagentur\" target=\"_blank\">Internetagentur<\/a>&nbsp;&#8211; www.QDATA.swiss, <br>9215 Sch\u00f6nenberg an der Thur<br><br>Web:&nbsp;<a rel=\"noreferrer noopener\" href=\"https:\/\/www.qdatagmbh.ch\/\" target=\"_blank\">www.qdatagmbh.ch<\/a>&nbsp;|&nbsp;<a rel=\"noreferrer noopener\" href=\"https:\/\/www.qdata.info\/\" target=\"_blank\">www.QDATA.info<\/a><br>Mail:&nbsp;<a rel=\"noreferrer noopener\" href=\"https:\/\/www.qdata.info\/kontakt\" target=\"_blank\">Kontakt Online Marketing Agentur<\/a><\/p>\n","protected":false},"excerpt":{"rendered":"<p>Kontakt mit dem OK \u00absternenklar Kradolf-Sch\u00f6nenberg sternenklar\u00bb Postanschrift:Sternenklar.chThurbruggstrasse 11a 9215 Sch\u00f6nenberg an der Thur Mail:&nbsp;info-\u00e4t-skks.ch PC-KONTO:&nbsp;90-132331-0IBAN CH68 0900 0000 9013 2331 0 Vielen Dank f\u00fcr Ihre&nbsp;Spende und die damit verbundene Unterst\u00fctzung. Finanzielle Zuwendungen und Spenden werden auch weiterhin dringend ben\u00f6tigt und gerne unter \u00a0PC-KONTO:\u00a090-132331-0 oder IBAN CH68 0900 0000 9013 2331 0 entgegen genommen.\u00a0Bitte \u00fcberweisen [&hellip;]<\/p>\n","protected":false},"author":1,"featured_media":0,"parent":0,"menu_order":0,"comment_status":"closed","ping_status":"closed","template":"","meta":{"footnotes":""},"class_list":["post-29","page","type-page","status-publish","hentry","post","no-featured-image"],"_links":{"self":[{"href":"https:\/\/skks.ch\/sternenklar\/wp-json\/wp\/v2\/pages\/29","targetHints":{"allow":["GET"]}}],"collection":[{"href":"https:\/\/skks.ch\/sternenklar\/wp-json\/wp\/v2\/pages"}],"about":[{"href":"https:\/\/skks.ch\/sternenklar\/wp-json\/wp\/v2\/types\/page"}],"author":[{"embeddable":true,"href":"https:\/\/skks.ch\/sternenklar\/wp-json\/wp\/v2\/users\/1"}],"replies":[{"embeddable":true,"href":"https:\/\/skks.ch\/sternenklar\/wp-json\/wp\/v2\/comments?post=29"}],"version-history":[{"count":19,"href":"https:\/\/skks.ch\/sternenklar\/wp-json\/wp\/v2\/pages\/29\/revisions"}],"predecessor-version":[{"id":225,"href":"https:\/\/skks.ch\/sternenklar\/wp-json\/wp\/v2\/pages\/29\/revisions\/225"}],"wp:attachment":[{"href":"https:\/\/skks.ch\/sternenklar\/wp-json\/wp\/v2\/media?parent=29"}],"curies":[{"name":"wp","href":"https:\/\/api.w.org\/{rel}","templated":true}]}}